{"id":51,"date":"2019-01-04T13:57:28","date_gmt":"2019-01-04T13:57:28","guid":{"rendered":"http:\/\/www.xn--toivolankylt-qcb.fi\/?page_id=51"},"modified":"2026-04-18T07:29:32","modified_gmt":"2026-04-18T07:29:32","slug":"tapahtumat","status":"publish","type":"page","link":"http:\/\/www.toivolankylat.fi\/","title":{"rendered":"Toivolan kyl\u00e4ll\u00e4 tapahtuu:"},"content":{"rendered":"\n<p class=\"has-background\" style=\"background:radial-gradient(rgb(202,248,128) 41%,rgb(113,206,126) 100%)\">Toivolan Kyl\u00e4t ry:n s\u00e4\u00e4nt\u00f6m\u00e4\u00e4r\u00e4inen yleiskokous pidettiin keskiviikkona 15.4.26 Seurantalolla. Siell\u00e4 keskusteltiin monista asioista joista t\u00e4ss\u00e4 ne ajankohtaisimmat: Koko kansan lentopallo on aloitettu urheilukent\u00e4ll\u00e4, se on siis keskiviikkoisin ja sunnuntaisin klo 16 alkaen. Sinne mahtuu mukaan perheen pienimmist\u00e4 vanhimpiin, eik\u00e4 pelitaidottomuus ole este hauskalle yhdess\u00e4 ololle. Rennolla otteella liikutaan. Maanantaipy\u00f6r\u00e4ilyt saattavat alkaa jo ennen vappua, jos s\u00e4\u00e4 pysyy n\u00e4inkin hyv\u00e4n\u00e4, mutta viimeist\u00e4\u00e4n vappuna. Tervetuloa mukaan!<\/p>\n\n\n\n<ul class=\"wp-block-list\">\n<li>Perjantaina 19.6 Toivolan juhannuskokko<\/li>\n\n\n\n<li>Lauantaina 18.7 Toivola-Nironkyl\u00e4-jalkapallo-ottelu<\/li>\n\n\n\n<li>Sunnuntaina 19.7 Possujuhla<\/li>\n<\/ul>\n\n\n<ul style=\"background:linear-gradient(135deg,rgb(252,185,0) 50%,rgb(255,105,0) 100%);\" class=\"wp-block-latest-posts__list has-author has-link-color wp-elements-5da974428df6832402278f20daf4ce68 wp-block-latest-posts has-text-color has-primary-color has-background\"><li><a class=\"wp-block-latest-posts__post-title\" href=\"http:\/\/www.toivolankylat.fi\/?p=962\">Puintip\u00e4iv\u00e4 07.09.2025<\/a><div class=\"wp-block-latest-posts__post-author\">kirjoittanut Ulla<\/div><div class=\"wp-block-latest-posts__post-excerpt\">https:\/\/youtu.be\/DL0PNUjAyHY?si=NB_sIL8-yFUo6X4N Linkist\u00e4 l\u00f6ytyy videota tapahtumasta. Puintip\u00e4iv\u00e4 p\u00e4\u00e4tettiin t\u00e4n\u00e4 vuonna j\u00e4rjest\u00e4\u00e4 sunnuntaina, koska seurailimme l\u00e4hialueiden tapahtumia ja yritimme v\u00e4ltt\u00e4\u00e4 suurempia p\u00e4\u00e4llekk\u00e4isyyksi\u00e4 ja siin\u00e4 taisimme onnistuakin melko hyvin. S\u00e4iden haltioiden kanssa olemme my\u00f6s onnistuneet sopimaan yleens\u00e4 hyv\u00e4st\u00e4 s\u00e4\u00e4st\u00e4, tai v\u00e4hint\u00e4\u00e4n kelvollisesta, mutta t\u00e4ll\u00e4 kertaa saimme kerrassaan upean ja varsin l\u00e4mpim\u00e4n s\u00e4\u00e4n. Paikkana toimi j\u00e4lleen Rautvaaran Paulin tilan\u2026 <a class=\"wp-block-latest-posts__read-more\" href=\"http:\/\/www.toivolankylat.fi\/?p=962\" rel=\"noopener noreferrer\">Lue lis\u00e4\u00e4<span class=\"screen-reader-text\">: Puintip\u00e4iv\u00e4 07.09.2025<\/span><\/a><\/div><\/li>\n<\/ul>\n\n\n<p class=\"has-pale-ocean-gradient-background has-background\">TOIVOLAN URHEILUKENT\u00c4LL\u00c4 TAPAHTUU:<\/p>\n\n\n\n<p class=\"has-pale-ocean-gradient-background has-background\">2024 kes\u00e4n\u00e4 aloitimme lentopalloilun Toivolan urheilukent\u00e4ll\u00e4. Sit\u00e4 on jatkettu t\u00e4n\u00e4 kev\u00e4\u00e4n\u00e4. Valitettavasti meit\u00e4 on vain muutama ukko siell\u00e4 palloa lenn\u00e4tt\u00e4m\u00e4ss\u00e4. Lis\u00e4\u00e4 pelaajia tarvittaisiin, jotta saataisiin peli aikaiseksi.\u00a0<\/p>\n\n\n\n<p class=\"has-pale-ocean-gradient-background has-background\">Keskiviikkoisina ja sunnuntaisin pelailemma kello 16 alkaen, jos s\u00e4\u00e4 sallii. Ilmoitamme naamakirjassa (facebook) peliaikojen muutoksista. Tunnin verran yleens\u00e4 on pelailtu (kauemmin ei olla jaksettu).\u00a0<\/p>\n\n\n\n<p class=\"has-pale-ocean-gradient-background has-background\">Tule mukaan meid\u00e4n rentoon ryhm\u00e4\u00e4n. Kukaan meist\u00e4 ei osaa pelata ja ik\u00e4\u00e4 meill\u00e4 on yli 60 vuotta, joten omien taitojen vajavuutta ei tarvitse h\u00e4vet\u00e4. T\u00e4rkeint\u00e4 on saada nauttia ulkoilmasta ja rennosta liikunnasta. Pelaaminen ei maksa mit\u00e4\u00e4n ja ei tarvitse sitoutua mihink\u00e4\u00e4n. Naiset ovat my\u00f6s tervetulleita ja jos saisimme porukkaan edes yhden naisen, niin luultavasti miehi\u00e4kin heti tuli kymmenen lis\u00e4\u00e4.\u00a0<img loading=\"lazy\" decoding=\"async\" width=\"600\" height=\"450\" class=\"wp-image-935\" style=\"width: 600px;\" src=\"http:\/\/www.toivolankylat.fi\/wp-content\/uploads\/2025\/05\/IMG_20250506_165115.jpg\" alt=\"\" srcset=\"http:\/\/www.toivolankylat.fi\/wp-content\/uploads\/2025\/05\/IMG_20250506_165115.jpg 2560w, http:\/\/www.toivolankylat.fi\/wp-content\/uploads\/2025\/05\/IMG_20250506_165115-300x225.jpg 300w, http:\/\/www.toivolankylat.fi\/wp-content\/uploads\/2025\/05\/IMG_20250506_165115-1024x768.jpg 1024w, http:\/\/www.toivolankylat.fi\/wp-content\/uploads\/2025\/05\/IMG_20250506_165115-768x576.jpg 768w, http:\/\/www.toivolankylat.fi\/wp-content\/uploads\/2025\/05\/IMG_20250506_165115-1536x1152.jpg 1536w, http:\/\/www.toivolankylat.fi\/wp-content\/uploads\/2025\/05\/IMG_20250506_165115-2048x1536.jpg 2048w, http:\/\/www.toivolankylat.fi\/wp-content\/uploads\/2025\/05\/IMG_20250506_165115-1200x900.jpg 1200w, http:\/\/www.toivolankylat.fi\/wp-content\/uploads\/2025\/05\/IMG_20250506_165115-1980x1485.jpg 1980w\" sizes=\"auto, (max-width: 600px) 100vw, 600px\" \/><\/p>\n\n\n\n<p class=\"has-pale-ocean-gradient-background has-background\">Urheilukent\u00e4n tarinoita p\u00e4\u00e4set parhaiten seuraamaan kyl\u00e4yhdistyksemme Facebook sivuilta: <a href=\"https:\/\/www.facebook.com\/search\/top?q=toivolan%20kyl%C3%A4t%20ry\" data-type=\"link\" data-id=\"https:\/\/www.facebook.com\/search\/top?q=toivolan%20kyl%C3%A4t%20ry\">https:\/\/www.facebook.com\/search\/top?q=toivolan%20kyl%C3%A4t%20ry<\/a> <\/p>\n\n\n\n<p class=\"has-background\" style=\"background:linear-gradient(135deg,rgb(254,205,165) 32%,rgb(254,45,45) 69%,rgb(107,0,62) 100%)\"> Koska kaikki tuntuu kallistuvan vuosi vuodelta, niin meid\u00e4nkin on pakko nostaa laskutuslis\u00e4n hintaa v\u00e4h\u00e4sen. T\u00e4n\u00e4 vuonna joudumme lis\u00e4\u00e4m\u00e4\u00e4n paperilaskun l\u00e4hett\u00e4miseen 4 euron laskutuslis\u00e4n ja s\u00e4hk\u00f6postilaskuun 1 euron suuruisen lis\u00e4n, t\u00e4m\u00e4 lis\u00e4h\u00e4n on ollut k\u00e4yt\u00e4nt\u00f6n\u00e4 jo monet vuodet ja hinta on pikkuhiljaa noussut, mutta t\u00e4n\u00e4 vuonna summat ovat n\u00e4m\u00e4. T\u00e4m\u00e4 koskee my\u00f6s tulevia j\u00e4senmaksuja. Jos haluatte s\u00e4hk\u00f6postiin laskut, niin olkaa yst\u00e4v\u00e4llisi\u00e4 ja ilmoitelkaa asiasta vaikkapa sihteerin s\u00e4hk\u00f6postiin: sihteeri (at) toivolankylat.fi.<\/p>\n\n\n\n<p class=\"has-background\" style=\"background:linear-gradient(135deg,rgb(202,248,128) 0%,rgb(43,156,37) 54%,rgb(113,206,126) 100%)\">Toivolan Kyl\u00e4t Ry:ll\u00e4, on ollut tapana muistaa kyl\u00e4mme alueella syntyneit\u00e4 vauvoja lahjoittamalla perheille omenapuun taimi. Nyth\u00e4n on kuitenkin niin, ett\u00e4 tietomme ovat kovin rajalliset, emmek\u00e4 v\u00e4ltt\u00e4m\u00e4tt\u00e4 tied\u00e4, emmek\u00e4 tunne kaikkia ihmisi\u00e4, joten olisi hirve\u00e4n mukavaa jos saisimme jotakin kautta t\u00e4llaisia vauvaperheit\u00e4 tietoomme, niin mielell\u00e4mme perinnett\u00e4 jatkaisimme. Eli jos itell\u00e4nne tai tutuillanne on Toivolan kylien alueella syntyneit\u00e4 vauvoja 2025-26, niin laittakaapa rohkeasti s\u00e4hk\u00f6postia osoitteeseen sihteeri@toivolankylat.fi, niin saamme omenapuut kes\u00e4n aikana toimitettua.<\/p>\n\n\n\n<p class=\"has-background\" style=\"background-color:#ea3e3ec7\">Koska M\u00e4ntyharjun kunta on myynyt Toivolan koulun alueen yksityiselle henkil\u00f6lle vuoden 2022 lopussa, on my\u00f6s meid\u00e4n k\u00e4yt\u00f6ss\u00e4 ollut kuntosali poistunut k\u00e4yt\u00f6st\u00e4mme ja kuntosalitoiminta p\u00e4\u00e4ttynyt. Samaan kauppaan kuuluvat pihapiiriss\u00e4 oleva leikkikentt\u00e4, monitoimiareena ja uimaranta, jotka ovat nyt my\u00f6s yksityisaluetta. Halutessasi kuntosalin avainpanttimaksun (20e) takaisin, palauta avain yhteystiedoilla varustettuna, v\u00e4hint\u00e4\u00e4n nimi ja pankkitilin numero, vaikkapa kirjekuoreen pakattuna, sihteerin lukittuun postilaatikkoon, joka sijaitsee Haajalantien risteyksen kohdalla, Tuustaipaleentien toisella puolella, M\u00e4ntynen\/Vitikainen nimell\u00e4. Sihteeri palauttaa summan sitten tilillesi. Jos asiasta on jotakin kysytt\u00e4v\u00e4\u00e4, meihin voi olla yhteydess\u00e4 joko s\u00e4hk\u00f6postitse sihteeri@toivolankylat.fi, tai puhelimitse, numerot l\u00f6ytyv\u00e4t Yhteystietoja-sivulta.<\/p>\n\n\n\n<p class=\"has-subtle-background-background-color has-background\">Tapahtumissa on nyt mahdollisuus maksaa pankki- ja luottokorteilla, sek\u00e4 joillakin mobiilisovelluksilla, sek\u00e4 k\u00e4teisell\u00e4! Muutokset on aina mahdollisia, mutta pyrimme ilmoittamaan niist\u00e4 ajoissa.<\/p>\n\n\n\n<p class=\"has-background\" style=\"background-color:#c0e575\">Muuta toimintaa Toivolan alueella:      <\/p>\n\n\n\n<ul class=\"wp-block-list\">\n<li>M\u00f6kkitraktoripalvelut: kasvimaan muokkaukset, polttopuunteot, ym. Ei niin pient\u00e4 ty\u00f6t\u00e4, ettei siihen voi traktoria pyyt\u00e4\u00e4. My\u00f6s pienkonekorjausta, esim. moottorisahat. Kysy lis\u00e4\u00e4 Jani Haajanen 040 816 54 73.<\/li>\n\n\n\n<li>Raimo M\u00e4ntynen liikkuu sirkkelisahansa kanssa sahailemassa rungoista erilaista sahatavaraa, lautaa, rimaa yms. paikan p\u00e4\u00e4lle. H\u00e4n my\u00f6s urakoi erilaisia lumit\u00f6it\u00e4 traktorin ja ty\u00f6koneidensa kanssa. Puh. 0400760721<\/li>\n\n\n\n<li>Iso-Mikkasen lammastilalla (Tuustaipaleentie 398, 52740 Tuustaipale) sijaitsee my\u00f6s heid\u00e4n oma P\u00e4k\u00e4puoti, joka on avoinna touko-syyskuussa perjantai-iltaisin klo18-20 sek\u00e4 lauantaisin 12-15. Puodista l\u00f6ytyy erilaisia lampaanliha valmisteita, sek\u00e4 monenlaista lankaa ja taljoja yms. P\u00e4k\u00e4puodin toimintaa voi seurata FB sivuilta <a href=\"https:\/\/www.facebook.com\/pakapuoti\">https:\/\/www.facebook.com\/pakapuoti<\/a><\/li>\n\n\n\n<li>Seurantalo on vuokrattavissa monenlaisiin tilaisuuksiin, h\u00e4ist\u00e4 syntym\u00e4p\u00e4iviin sek\u00e4 kokouksiin tai muihin kokoontumisiin. Astiastot l\u00f6ytyy v\u00e4hint\u00e4\u00e4n sadalle henkil\u00f6lle ja keitti\u00f6tiloja on uudistettu pikkuhiljaa. Seurantalon vuokrausta hoitaa Eija-Liisa Siitari <strong>puh.040 5816817<\/strong> ja h\u00e4nelt\u00e4 voi kysell\u00e4 lis\u00e4\u00e4 ja tulla k\u00e4ym\u00e4\u00e4n paikan p\u00e4\u00e4ll\u00e4. Astiaston ja muiden vuokrattavien asioiden lista l\u00f6ytyy yl\u00e4reunan valikosta Toiminta ja sielt\u00e4 Vuokraus.<\/li>\n<\/ul>\n\n\n\n<figure class=\"wp-block-gallery has-nested-images columns-default is-cropped wp-block-gallery-1 is-layout-flex wp-block-gallery-is-layout-flex\">\n<figure class=\"wp-block-image size-large\"><a href=\"http:\/\/www.toivolankylat.fi\/wp-content\/uploads\/2019\/01\/20171111_164902-e1546695107273.jpg\"><img loading=\"lazy\" decoding=\"async\" width=\"1536\" height=\"2560\" data-id=\"98\" src=\"http:\/\/www.toivolankylat.fi\/wp-content\/uploads\/2019\/01\/20171111_164902-e1546695107273.jpg\" alt=\"\" class=\"wp-image-98\" srcset=\"http:\/\/www.toivolankylat.fi\/wp-content\/uploads\/2019\/01\/20171111_164902-e1546695107273.jpg 1536w, http:\/\/www.toivolankylat.fi\/wp-content\/uploads\/2019\/01\/20171111_164902-e1546695107273-180x300.jpg 180w, http:\/\/www.toivolankylat.fi\/wp-content\/uploads\/2019\/01\/20171111_164902-e1546695107273-768x1280.jpg 768w, http:\/\/www.toivolankylat.fi\/wp-content\/uploads\/2019\/01\/20171111_164902-e1546695107273-614x1024.jpg 614w\" sizes=\"auto, (max-width: 1536px) 100vw, 1536px\" \/><\/a><figcaption class=\"wp-element-caption\">Kattaus p\u00f6yt\u00e4<\/figcaption><\/figure>\n\n\n\n<figure class=\"wp-block-image size-large\"><a href=\"http:\/\/www.toivolankylat.fi\/wp-content\/uploads\/2019\/01\/20170716_104248.jpg\"><img loading=\"lazy\" decoding=\"async\" width=\"2560\" height=\"1536\" data-id=\"97\" src=\"http:\/\/www.toivolankylat.fi\/wp-content\/uploads\/2019\/01\/20170716_104248.jpg\" alt=\"\" class=\"wp-image-97\" srcset=\"http:\/\/www.toivolankylat.fi\/wp-content\/uploads\/2019\/01\/20170716_104248.jpg 2560w, http:\/\/www.toivolankylat.fi\/wp-content\/uploads\/2019\/01\/20170716_104248-300x180.jpg 300w, http:\/\/www.toivolankylat.fi\/wp-content\/uploads\/2019\/01\/20170716_104248-768x461.jpg 768w, http:\/\/www.toivolankylat.fi\/wp-content\/uploads\/2019\/01\/20170716_104248-1024x614.jpg 1024w\" sizes=\"auto, (max-width: 2560px) 100vw, 2560px\" \/><\/a><figcaption class=\"wp-element-caption\">Talon sali<\/figcaption><\/figure>\n\n\n\n<figure class=\"wp-block-image size-large\"><a href=\"http:\/\/www.toivolankylat.fi\/wp-content\/uploads\/2019\/01\/20170716_104147.jpg\"><img loading=\"lazy\" decoding=\"async\" width=\"2560\" height=\"1536\" data-id=\"96\" src=\"http:\/\/www.toivolankylat.fi\/wp-content\/uploads\/2019\/01\/20170716_104147.jpg\" alt=\"\" class=\"wp-image-96\" srcset=\"http:\/\/www.toivolankylat.fi\/wp-content\/uploads\/2019\/01\/20170716_104147.jpg 2560w, http:\/\/www.toivolankylat.fi\/wp-content\/uploads\/2019\/01\/20170716_104147-300x180.jpg 300w, http:\/\/www.toivolankylat.fi\/wp-content\/uploads\/2019\/01\/20170716_104147-768x461.jpg 768w, http:\/\/www.toivolankylat.fi\/wp-content\/uploads\/2019\/01\/20170716_104147-1024x614.jpg 1024w\" sizes=\"auto, (max-width: 2560px) 100vw, 2560px\" \/><\/a><figcaption class=\"wp-element-caption\">Talon sali<\/figcaption><\/figure>\n<\/figure>\n\n\n\n<p>Seurantalon ymp\u00e4rist\u00f6\u00e4<\/p>\n\n\n\n<figure class=\"wp-block-gallery has-nested-images columns-default is-cropped wp-block-gallery-2 is-layout-flex wp-block-gallery-is-layout-flex\">\n<figure class=\"wp-block-image size-large\"><a href=\"http:\/\/www.toivolankylat.fi\/wp-content\/uploads\/2020\/06\/IMG_1595-scaled.jpg\"><img loading=\"lazy\" decoding=\"async\" width=\"1024\" height=\"768\" data-id=\"333\" src=\"http:\/\/www.toivolankylat.fi\/wp-content\/uploads\/2020\/06\/IMG_1595-1024x768.jpg\" alt=\"\" class=\"wp-image-333\" srcset=\"http:\/\/www.toivolankylat.fi\/wp-content\/uploads\/2020\/06\/IMG_1595-1024x768.jpg 1024w, http:\/\/www.toivolankylat.fi\/wp-content\/uploads\/2020\/06\/IMG_1595-300x225.jpg 300w, http:\/\/www.toivolankylat.fi\/wp-content\/uploads\/2020\/06\/IMG_1595-768x576.jpg 768w, http:\/\/www.toivolankylat.fi\/wp-content\/uploads\/2020\/06\/IMG_1595-1536x1152.jpg 1536w, http:\/\/www.toivolankylat.fi\/wp-content\/uploads\/2020\/06\/IMG_1595-2048x1536.jpg 2048w\" sizes=\"auto, (max-width: 1024px) 100vw, 1024px\" \/><\/a><figcaption class=\"wp-element-caption\">Seurantalo<\/figcaption><\/figure>\n\n\n\n<figure class=\"wp-block-image size-large\"><a href=\"http:\/\/www.toivolankylat.fi\/wp-content\/uploads\/2020\/06\/IMG_1596-scaled.jpg\"><img loading=\"lazy\" decoding=\"async\" width=\"1024\" height=\"768\" data-id=\"334\" src=\"http:\/\/www.toivolankylat.fi\/wp-content\/uploads\/2020\/06\/IMG_1596-1024x768.jpg\" alt=\"\" class=\"wp-image-334\" srcset=\"http:\/\/www.toivolankylat.fi\/wp-content\/uploads\/2020\/06\/IMG_1596-1024x768.jpg 1024w, http:\/\/www.toivolankylat.fi\/wp-content\/uploads\/2020\/06\/IMG_1596-300x225.jpg 300w, http:\/\/www.toivolankylat.fi\/wp-content\/uploads\/2020\/06\/IMG_1596-768x576.jpg 768w, http:\/\/www.toivolankylat.fi\/wp-content\/uploads\/2020\/06\/IMG_1596-1536x1152.jpg 1536w, http:\/\/www.toivolankylat.fi\/wp-content\/uploads\/2020\/06\/IMG_1596-2048x1536.jpg 2048w\" sizes=\"auto, (max-width: 1024px) 100vw, 1024px\" \/><\/a><\/figure>\n\n\n\n<figure class=\"wp-block-image size-large\"><a href=\"http:\/\/www.toivolankylat.fi\/wp-content\/uploads\/2020\/06\/IMG_1587-scaled.jpg\"><img loading=\"lazy\" decoding=\"async\" width=\"1024\" height=\"768\" data-id=\"325\" src=\"http:\/\/www.toivolankylat.fi\/wp-content\/uploads\/2020\/06\/IMG_1587-1024x768.jpg\" alt=\"\" class=\"wp-image-325\" srcset=\"http:\/\/www.toivolankylat.fi\/wp-content\/uploads\/2020\/06\/IMG_1587-1024x768.jpg 1024w, http:\/\/www.toivolankylat.fi\/wp-content\/uploads\/2020\/06\/IMG_1587-300x225.jpg 300w, http:\/\/www.toivolankylat.fi\/wp-content\/uploads\/2020\/06\/IMG_1587-768x576.jpg 768w, http:\/\/www.toivolankylat.fi\/wp-content\/uploads\/2020\/06\/IMG_1587-1536x1152.jpg 1536w, http:\/\/www.toivolankylat.fi\/wp-content\/uploads\/2020\/06\/IMG_1587-2048x1536.jpg 2048w\" sizes=\"auto, (max-width: 1024px) 100vw, 1024px\" \/><\/a><\/figure>\n\n\n\n<figure class=\"wp-block-image size-large\"><a href=\"http:\/\/www.toivolankylat.fi\/wp-content\/uploads\/2020\/06\/IMG_1583-scaled.jpg\"><img loading=\"lazy\" decoding=\"async\" width=\"1024\" height=\"768\" data-id=\"321\" src=\"http:\/\/www.toivolankylat.fi\/wp-content\/uploads\/2020\/06\/IMG_1583-1024x768.jpg\" alt=\"\" class=\"wp-image-321\" srcset=\"http:\/\/www.toivolankylat.fi\/wp-content\/uploads\/2020\/06\/IMG_1583-1024x768.jpg 1024w, http:\/\/www.toivolankylat.fi\/wp-content\/uploads\/2020\/06\/IMG_1583-300x225.jpg 300w, http:\/\/www.toivolankylat.fi\/wp-content\/uploads\/2020\/06\/IMG_1583-768x576.jpg 768w, http:\/\/www.toivolankylat.fi\/wp-content\/uploads\/2020\/06\/IMG_1583-1536x1152.jpg 1536w, http:\/\/www.toivolankylat.fi\/wp-content\/uploads\/2020\/06\/IMG_1583-2048x1536.jpg 2048w\" sizes=\"auto, (max-width: 1024px) 100vw, 1024px\" \/><\/a><\/figure>\n\n\n\n<figure class=\"wp-block-image size-large\"><a href=\"http:\/\/www.toivolankylat.fi\/wp-content\/uploads\/2019\/01\/20170608_174909.jpg\"><img loading=\"lazy\" decoding=\"async\" width=\"1024\" height=\"614\" data-id=\"85\" src=\"http:\/\/www.toivolankylat.fi\/wp-content\/uploads\/2019\/01\/20170608_174909-1024x614.jpg\" alt=\"\" class=\"wp-image-85\" srcset=\"http:\/\/www.toivolankylat.fi\/wp-content\/uploads\/2019\/01\/20170608_174909-1024x614.jpg 1024w, http:\/\/www.toivolankylat.fi\/wp-content\/uploads\/2019\/01\/20170608_174909-300x180.jpg 300w, http:\/\/www.toivolankylat.fi\/wp-content\/uploads\/2019\/01\/20170608_174909-768x461.jpg 768w\" sizes=\"auto, (max-width: 1024px) 100vw, 1024px\" \/><\/a><figcaption class=\"wp-element-caption\">Grillikatos<\/figcaption><\/figure>\n<\/figure>\n\n\n\n<div class=\"wp-block-group\"><div class=\"wp-block-group__inner-container is-layout-flow wp-block-group-is-layout-flow\">\n<p class=\"has-background\" style=\"background-color:#f6d7d7\">Seurantalon piharakennuksen Aittakirjastossa voi poiketa lukemista hakemassa tai vaihtamassa. Ja jos makkaraa tekee mieli paistaa, on grillimaja kosken vieress\u00e4, seurantalon takana k\u00e4ytett\u00e4viss\u00e4 ja sinne saa klapeja hakea liiterist\u00e4.<\/p>\n<\/div><\/div>\n\n\n\n<p><\/p>\n","protected":false},"excerpt":{"rendered":"<p>Toivolan Kyl\u00e4t ry:n s\u00e4\u00e4nt\u00f6m\u00e4\u00e4r\u00e4inen yleiskokous pidettiin keskiviikkona 15.4.26 Seurantalolla. Siell\u00e4 keskusteltiin monista asioista joista t\u00e4ss\u00e4 ne ajankohtaisimmat: Koko kansan lentopallo on aloitettu urheilukent\u00e4ll\u00e4, se on siis keskiviikkoisin ja sunnuntaisin klo 16 alkaen. Sinne mahtuu mukaan perheen pienimmist\u00e4 vanhimpiin, eik\u00e4 pelitaidottomuus ole este hauskalle yhdess\u00e4 ololle. Rennolla otteella liikutaan. Maanantaipy\u00f6r\u00e4ilyt saattavat alkaa jo ennen vappua, jos [&hellip;]<\/p>\n","protected":false},"author":1,"featured_media":945,"parent":0,"menu_order":0,"comment_status":"closed","ping_status":"closed","template":"","meta":{"footnotes":"[]"},"class_list":["post-51","page","type-page","status-publish","has-post-thumbnail","hentry"],"_links":{"self":[{"href":"http:\/\/www.toivolankylat.fi\/index.php?rest_route=\/wp\/v2\/pages\/51","targetHints":{"allow":["GET"]}}],"collection":[{"href":"http:\/\/www.toivolankylat.fi\/index.php?rest_route=\/wp\/v2\/pages"}],"about":[{"href":"http:\/\/www.toivolankylat.fi\/index.php?rest_route=\/wp\/v2\/types\/page"}],"author":[{"embeddable":true,"href":"http:\/\/www.toivolankylat.fi\/index.php?rest_route=\/wp\/v2\/users\/1"}],"replies":[{"embeddable":true,"href":"http:\/\/www.toivolankylat.fi\/index.php?rest_route=%2Fwp%2Fv2%2Fcomments&post=51"}],"version-history":[{"count":132,"href":"http:\/\/www.toivolankylat.fi\/index.php?rest_route=\/wp\/v2\/pages\/51\/revisions"}],"predecessor-version":[{"id":1055,"href":"http:\/\/www.toivolankylat.fi\/index.php?rest_route=\/wp\/v2\/pages\/51\/revisions\/1055"}],"wp:featuredmedia":[{"embeddable":true,"href":"http:\/\/www.toivolankylat.fi\/index.php?rest_route=\/wp\/v2\/media\/945"}],"wp:attachment":[{"href":"http:\/\/www.toivolankylat.fi\/index.php?rest_route=%2Fwp%2Fv2%2Fmedia&parent=51"}],"curies":[{"name":"wp","href":"https:\/\/api.w.org\/{rel}","templated":true}]}}