{"id":490,"date":"2021-10-04T13:58:21","date_gmt":"2021-10-04T13:58:21","guid":{"rendered":"http:\/\/www.toivolankylat.fi\/?page_id=490"},"modified":"2021-10-04T13:58:21","modified_gmt":"2021-10-04T13:58:21","slug":"puintipaiva-04-09-21","status":"publish","type":"page","link":"http:\/\/www.toivolankylat.fi\/?page_id=490","title":{"rendered":"Puintip\u00e4iv\u00e4 04.09.21"},"content":{"rendered":"\n<p>Kiitokset kaikille vieraillemme ja etenkin kaikille talkoolaisille mukavasta Puintip\u00e4iv\u00e4st\u00e4! Valmisteluthan pellolla aloitettiin jo viikkoa aiemmin seiv\u00e4st\u00e4m\u00e4ll\u00e4 parikymment\u00e4 seip\u00e4\u00e4llist\u00e4 ohraa kuivumaan. Perjantai-iltana kuljetettiin jo osa tarpeista paikalle ja lauantai aamun koitteessa laitettiin puurokattilan pes\u00e4\u00e4n tulet ja katseltiin kun kurjet ja joutsenet lensiv\u00e4t pellon yli ihmetellen meid\u00e4n touhuja\u2026 Pikkuhiljaa alkoi kalustoa ja ihmisi\u00e4 liikkumaan paikalle ja saatiin paikat ojennukseen teit\u00e4 vieraita varten. Yhteisty\u00f6kumppaneistamme mainittakoon 4H-yhdistys jonka ohjaajat auttoivat ja neuvoivat lapsia ja lapsenmielisi\u00e4 tekem\u00e4\u00e4n kerroskeksej\u00e4 nuotiolla paahdetuista vaahtokarkeista, suklaasta ja kekseist\u00e4, sek\u00e4 Mikkasen tilan Anulla oli omia tuotteita myynniss\u00e4 ja h\u00e4n paistoi herkullista lammasmakkaraa grilliss\u00e4\u00e4n. Uutispuuromme hautui herkulliseksi ja se teki kauppansa, samoin kuin muutkin tuotteemme. Kanttipaalin painoa p\u00e4\u00e4stiin my\u00f6s arvailemaan ja se olikin v\u00e4h\u00e4n haasteellisempi juttu, kun se ei ollutkaan ihan totutun n\u00e4k\u00f6inen ja kokoinen olkipaali. Paalillahan oli painoa vain 26,3 kg ja l\u00e4himm\u00e4s arviossaan osui Esa Hyyryl\u00e4inen voittaen lounaslahjakortin Tuustaipaleen Luontohotellille, ruisleip\u00e4 palkinnot meniv\u00e4t Rauno Argillanderille ja Sandra Pylkk\u00e4selle. Seip\u00e4ille kuivatut ohrat Lento hevonen kuljetti puimakoneelle joka Porilaisen voimin py\u00f6ritti jyv\u00e4t pusseihin, parhaimmillaan pellolla oli samaan aikaan nelj\u00e4 puimuria puimassa ja lopulta koko pelto saatiin puitua. Kuvat kertonevat enemm\u00e4n kuin tuhat sanaa.<\/p>\n\n\n\n<p><a href=\"https:\/\/www.youtube.com\/c\/V%C3%A4in%C3%B6Peltonen\" data-type=\"URL\" data-id=\"https:\/\/www.youtube.com\/c\/V%C3%A4in%C3%B6Peltonen\">https:\/\/www.youtube.com\/c\/V%C3%A4in%C3%B6Peltonen<\/a>  Puintip\u00e4iv\u00e4t M\u00e4ntyharju 2021 videona.<\/p>\n\n\n\n<figure class=\"wp-block-gallery columns-3 is-cropped wp-block-gallery-1 is-layout-flex wp-block-gallery-is-layout-flex\"><ul class=\"blocks-gallery-grid\"><li class=\"blocks-gallery-item\"><figure><a href=\"http:\/\/www.toivolankylat.fi\/wp-content\/uploads\/2021\/09\/IMG_20210829_114727-scaled.jpg\"><img loading=\"lazy\" decoding=\"async\" width=\"1024\" height=\"768\" src=\"http:\/\/www.toivolankylat.fi\/wp-content\/uploads\/2021\/09\/IMG_20210829_114727-1024x768.jpg\" alt=\"\" data-id=\"460\" data-full-url=\"http:\/\/www.toivolankylat.fi\/wp-content\/uploads\/2021\/09\/IMG_20210829_114727-scaled.jpg\" data-link=\"http:\/\/www.toivolankylat.fi\/?attachment_id=460\" class=\"wp-image-460\" srcset=\"http:\/\/www.toivolankylat.fi\/wp-content\/uploads\/2021\/09\/IMG_20210829_114727-1024x768.jpg 1024w, http:\/\/www.toivolankylat.fi\/wp-content\/uploads\/2021\/09\/IMG_20210829_114727-300x225.jpg 300w, http:\/\/www.toivolankylat.fi\/wp-content\/uploads\/2021\/09\/IMG_20210829_114727-768x576.jpg 768w, http:\/\/www.toivolankylat.fi\/wp-content\/uploads\/2021\/09\/IMG_20210829_114727-1536x1152.jpg 1536w, http:\/\/www.toivolankylat.fi\/wp-content\/uploads\/2021\/09\/IMG_20210829_114727-2048x1536.jpg 2048w\" sizes=\"auto, (max-width: 1024px) 100vw, 1024px\" \/><\/a><figcaption class=\"blocks-gallery-item__caption\">Alkuvalmisteluja<\/figcaption><\/figure><\/li><li class=\"blocks-gallery-item\"><figure><a href=\"http:\/\/www.toivolankylat.fi\/wp-content\/uploads\/2021\/09\/IMG_20210904_074334-scaled.jpg\"><img loading=\"lazy\" decoding=\"async\" width=\"768\" height=\"1024\" src=\"http:\/\/www.toivolankylat.fi\/wp-content\/uploads\/2021\/09\/IMG_20210904_074334-768x1024.jpg\" alt=\"\" data-id=\"461\" data-full-url=\"http:\/\/www.toivolankylat.fi\/wp-content\/uploads\/2021\/09\/IMG_20210904_074334-scaled.jpg\" data-link=\"http:\/\/www.toivolankylat.fi\/?attachment_id=461\" class=\"wp-image-461\" srcset=\"http:\/\/www.toivolankylat.fi\/wp-content\/uploads\/2021\/09\/IMG_20210904_074334-768x1024.jpg 768w, http:\/\/www.toivolankylat.fi\/wp-content\/uploads\/2021\/09\/IMG_20210904_074334-225x300.jpg 225w, http:\/\/www.toivolankylat.fi\/wp-content\/uploads\/2021\/09\/IMG_20210904_074334-1152x1536.jpg 1152w, http:\/\/www.toivolankylat.fi\/wp-content\/uploads\/2021\/09\/IMG_20210904_074334-1536x2048.jpg 1536w, http:\/\/www.toivolankylat.fi\/wp-content\/uploads\/2021\/09\/IMG_20210904_074334-scaled.jpg 1920w\" sizes=\"auto, (max-width: 768px) 100vw, 768px\" \/><\/a><figcaption class=\"blocks-gallery-item__caption\">Puuropata alkaa porista hiljalleen<\/figcaption><\/figure><\/li><li class=\"blocks-gallery-item\"><figure><a href=\"http:\/\/www.toivolankylat.fi\/wp-content\/uploads\/2021\/09\/IMG_20210904_103352-scaled.jpg\"><img loading=\"lazy\" decoding=\"async\" width=\"1024\" height=\"768\" src=\"http:\/\/www.toivolankylat.fi\/wp-content\/uploads\/2021\/09\/IMG_20210904_103352-1024x768.jpg\" alt=\"\" data-id=\"462\" data-full-url=\"http:\/\/www.toivolankylat.fi\/wp-content\/uploads\/2021\/09\/IMG_20210904_103352-scaled.jpg\" data-link=\"http:\/\/www.toivolankylat.fi\/?attachment_id=462\" class=\"wp-image-462\" srcset=\"http:\/\/www.toivolankylat.fi\/wp-content\/uploads\/2021\/09\/IMG_20210904_103352-1024x768.jpg 1024w, http:\/\/www.toivolankylat.fi\/wp-content\/uploads\/2021\/09\/IMG_20210904_103352-300x225.jpg 300w, http:\/\/www.toivolankylat.fi\/wp-content\/uploads\/2021\/09\/IMG_20210904_103352-768x576.jpg 768w, http:\/\/www.toivolankylat.fi\/wp-content\/uploads\/2021\/09\/IMG_20210904_103352-1536x1152.jpg 1536w, http:\/\/www.toivolankylat.fi\/wp-content\/uploads\/2021\/09\/IMG_20210904_103352-2048x1536.jpg 2048w\" sizes=\"auto, (max-width: 1024px) 100vw, 1024px\" \/><\/a><figcaption class=\"blocks-gallery-item__caption\">Se pahnapaali<\/figcaption><\/figure><\/li><li class=\"blocks-gallery-item\"><figure><a href=\"http:\/\/www.toivolankylat.fi\/wp-content\/uploads\/2021\/09\/IMG_20210904_111919-scaled.jpg\"><img loading=\"lazy\" decoding=\"async\" width=\"1024\" height=\"768\" src=\"http:\/\/www.toivolankylat.fi\/wp-content\/uploads\/2021\/09\/IMG_20210904_111919-1024x768.jpg\" alt=\"\" data-id=\"463\" data-full-url=\"http:\/\/www.toivolankylat.fi\/wp-content\/uploads\/2021\/09\/IMG_20210904_111919-scaled.jpg\" data-link=\"http:\/\/www.toivolankylat.fi\/?attachment_id=463\" class=\"wp-image-463\" srcset=\"http:\/\/www.toivolankylat.fi\/wp-content\/uploads\/2021\/09\/IMG_20210904_111919-1024x768.jpg 1024w, http:\/\/www.toivolankylat.fi\/wp-content\/uploads\/2021\/09\/IMG_20210904_111919-300x225.jpg 300w, http:\/\/www.toivolankylat.fi\/wp-content\/uploads\/2021\/09\/IMG_20210904_111919-768x576.jpg 768w, http:\/\/www.toivolankylat.fi\/wp-content\/uploads\/2021\/09\/IMG_20210904_111919-1536x1152.jpg 1536w, http:\/\/www.toivolankylat.fi\/wp-content\/uploads\/2021\/09\/IMG_20210904_111919-2048x1536.jpg 2048w\" sizes=\"auto, (max-width: 1024px) 100vw, 1024px\" \/><\/a><figcaption class=\"blocks-gallery-item__caption\">P\u00f6kki-vuohi kumppaneineen<\/figcaption><\/figure><\/li><li class=\"blocks-gallery-item\"><figure><a href=\"http:\/\/www.toivolankylat.fi\/wp-content\/uploads\/2021\/09\/IMG_20210904_112422-scaled.jpg\"><img loading=\"lazy\" decoding=\"async\" width=\"1024\" height=\"768\" src=\"http:\/\/www.toivolankylat.fi\/wp-content\/uploads\/2021\/09\/IMG_20210904_112422-1024x768.jpg\" alt=\"\" data-id=\"464\" data-full-url=\"http:\/\/www.toivolankylat.fi\/wp-content\/uploads\/2021\/09\/IMG_20210904_112422-scaled.jpg\" data-link=\"http:\/\/www.toivolankylat.fi\/?attachment_id=464\" class=\"wp-image-464\" srcset=\"http:\/\/www.toivolankylat.fi\/wp-content\/uploads\/2021\/09\/IMG_20210904_112422-1024x768.jpg 1024w, http:\/\/www.toivolankylat.fi\/wp-content\/uploads\/2021\/09\/IMG_20210904_112422-300x225.jpg 300w, http:\/\/www.toivolankylat.fi\/wp-content\/uploads\/2021\/09\/IMG_20210904_112422-768x576.jpg 768w, http:\/\/www.toivolankylat.fi\/wp-content\/uploads\/2021\/09\/IMG_20210904_112422-1536x1152.jpg 1536w, http:\/\/www.toivolankylat.fi\/wp-content\/uploads\/2021\/09\/IMG_20210904_112422-2048x1536.jpg 2048w\" sizes=\"auto, (max-width: 1024px) 100vw, 1024px\" \/><\/a><figcaption class=\"blocks-gallery-item__caption\">Lento kuorman haussa<\/figcaption><\/figure><\/li><li class=\"blocks-gallery-item\"><figure><a href=\"http:\/\/www.toivolankylat.fi\/wp-content\/uploads\/2021\/09\/IMG_20210904_130101-scaled.jpg\"><img loading=\"lazy\" decoding=\"async\" width=\"1024\" height=\"768\" src=\"http:\/\/www.toivolankylat.fi\/wp-content\/uploads\/2021\/09\/IMG_20210904_130101-1024x768.jpg\" alt=\"\" data-id=\"471\" data-full-url=\"http:\/\/www.toivolankylat.fi\/wp-content\/uploads\/2021\/09\/IMG_20210904_130101-scaled.jpg\" data-link=\"http:\/\/www.toivolankylat.fi\/?attachment_id=471\" class=\"wp-image-471\" srcset=\"http:\/\/www.toivolankylat.fi\/wp-content\/uploads\/2021\/09\/IMG_20210904_130101-1024x768.jpg 1024w, http:\/\/www.toivolankylat.fi\/wp-content\/uploads\/2021\/09\/IMG_20210904_130101-300x225.jpg 300w, http:\/\/www.toivolankylat.fi\/wp-content\/uploads\/2021\/09\/IMG_20210904_130101-768x576.jpg 768w, http:\/\/www.toivolankylat.fi\/wp-content\/uploads\/2021\/09\/IMG_20210904_130101-1536x1152.jpg 1536w, http:\/\/www.toivolankylat.fi\/wp-content\/uploads\/2021\/09\/IMG_20210904_130101-2048x1536.jpg 2048w\" sizes=\"auto, (max-width: 1024px) 100vw, 1024px\" \/><\/a><figcaption class=\"blocks-gallery-item__caption\">Lento<\/figcaption><\/figure><\/li><li class=\"blocks-gallery-item\"><figure><a href=\"http:\/\/www.toivolankylat.fi\/wp-content\/uploads\/2021\/09\/IMG-20210904-WA0021.jpg\"><img loading=\"lazy\" decoding=\"async\" width=\"461\" height=\"1024\" src=\"http:\/\/www.toivolankylat.fi\/wp-content\/uploads\/2021\/09\/IMG-20210904-WA0021-461x1024.jpg\" alt=\"\" data-id=\"476\" data-full-url=\"http:\/\/www.toivolankylat.fi\/wp-content\/uploads\/2021\/09\/IMG-20210904-WA0021.jpg\" data-link=\"http:\/\/www.toivolankylat.fi\/?attachment_id=476\" class=\"wp-image-476\" srcset=\"http:\/\/www.toivolankylat.fi\/wp-content\/uploads\/2021\/09\/IMG-20210904-WA0021-461x1024.jpg 461w, http:\/\/www.toivolankylat.fi\/wp-content\/uploads\/2021\/09\/IMG-20210904-WA0021-135x300.jpg 135w, http:\/\/www.toivolankylat.fi\/wp-content\/uploads\/2021\/09\/IMG-20210904-WA0021-691x1536.jpg 691w, http:\/\/www.toivolankylat.fi\/wp-content\/uploads\/2021\/09\/IMG-20210904-WA0021.jpg 720w\" sizes=\"auto, (max-width: 461px) 100vw, 461px\" \/><\/a><figcaption class=\"blocks-gallery-item__caption\">Puuroa pienemp\u00e4\u00e4n kattilaan<\/figcaption><\/figure><\/li><li class=\"blocks-gallery-item\"><figure><a href=\"http:\/\/www.toivolankylat.fi\/wp-content\/uploads\/2021\/09\/IMG-20210904-WA0022.jpg\"><img loading=\"lazy\" decoding=\"async\" width=\"461\" height=\"1024\" src=\"http:\/\/www.toivolankylat.fi\/wp-content\/uploads\/2021\/09\/IMG-20210904-WA0022-461x1024.jpg\" alt=\"\" data-id=\"477\" data-full-url=\"http:\/\/www.toivolankylat.fi\/wp-content\/uploads\/2021\/09\/IMG-20210904-WA0022.jpg\" data-link=\"http:\/\/www.toivolankylat.fi\/?attachment_id=477\" class=\"wp-image-477\" srcset=\"http:\/\/www.toivolankylat.fi\/wp-content\/uploads\/2021\/09\/IMG-20210904-WA0022-461x1024.jpg 461w, http:\/\/www.toivolankylat.fi\/wp-content\/uploads\/2021\/09\/IMG-20210904-WA0022-135x300.jpg 135w, http:\/\/www.toivolankylat.fi\/wp-content\/uploads\/2021\/09\/IMG-20210904-WA0022-691x1536.jpg 691w, http:\/\/www.toivolankylat.fi\/wp-content\/uploads\/2021\/09\/IMG-20210904-WA0022.jpg 720w\" sizes=\"auto, (max-width: 461px) 100vw, 461px\" \/><\/a><figcaption class=\"blocks-gallery-item__caption\">Kanttiinin em\u00e4nn\u00e4t<\/figcaption><\/figure><\/li><li class=\"blocks-gallery-item\"><figure><a href=\"http:\/\/www.toivolankylat.fi\/wp-content\/uploads\/2021\/09\/IMG_20210904_114216-scaled.jpg\"><img loading=\"lazy\" decoding=\"async\" width=\"1024\" height=\"768\" src=\"http:\/\/www.toivolankylat.fi\/wp-content\/uploads\/2021\/09\/IMG_20210904_114216-1024x768.jpg\" alt=\"\" data-id=\"467\" data-full-url=\"http:\/\/www.toivolankylat.fi\/wp-content\/uploads\/2021\/09\/IMG_20210904_114216-scaled.jpg\" data-link=\"http:\/\/www.toivolankylat.fi\/?attachment_id=467\" class=\"wp-image-467\" srcset=\"http:\/\/www.toivolankylat.fi\/wp-content\/uploads\/2021\/09\/IMG_20210904_114216-1024x768.jpg 1024w, http:\/\/www.toivolankylat.fi\/wp-content\/uploads\/2021\/09\/IMG_20210904_114216-300x225.jpg 300w, http:\/\/www.toivolankylat.fi\/wp-content\/uploads\/2021\/09\/IMG_20210904_114216-768x576.jpg 768w, http:\/\/www.toivolankylat.fi\/wp-content\/uploads\/2021\/09\/IMG_20210904_114216-1536x1152.jpg 1536w, http:\/\/www.toivolankylat.fi\/wp-content\/uploads\/2021\/09\/IMG_20210904_114216-2048x1536.jpg 2048w\" sizes=\"auto, (max-width: 1024px) 100vw, 1024px\" \/><\/a><figcaption class=\"blocks-gallery-item__caption\">Mikkasen Anu<\/figcaption><\/figure><\/li><li class=\"blocks-gallery-item\"><figure><a href=\"http:\/\/www.toivolankylat.fi\/wp-content\/uploads\/2021\/09\/IMG_20210904_123727-scaled.jpg\"><img loading=\"lazy\" decoding=\"async\" width=\"1024\" height=\"768\" src=\"http:\/\/www.toivolankylat.fi\/wp-content\/uploads\/2021\/09\/IMG_20210904_123727-1024x768.jpg\" alt=\"\" data-id=\"468\" data-full-url=\"http:\/\/www.toivolankylat.fi\/wp-content\/uploads\/2021\/09\/IMG_20210904_123727-scaled.jpg\" data-link=\"http:\/\/www.toivolankylat.fi\/?attachment_id=468\" class=\"wp-image-468\" srcset=\"http:\/\/www.toivolankylat.fi\/wp-content\/uploads\/2021\/09\/IMG_20210904_123727-1024x768.jpg 1024w, http:\/\/www.toivolankylat.fi\/wp-content\/uploads\/2021\/09\/IMG_20210904_123727-300x225.jpg 300w, http:\/\/www.toivolankylat.fi\/wp-content\/uploads\/2021\/09\/IMG_20210904_123727-768x576.jpg 768w, http:\/\/www.toivolankylat.fi\/wp-content\/uploads\/2021\/09\/IMG_20210904_123727-1536x1152.jpg 1536w, http:\/\/www.toivolankylat.fi\/wp-content\/uploads\/2021\/09\/IMG_20210904_123727-2048x1536.jpg 2048w\" sizes=\"auto, (max-width: 1024px) 100vw, 1024px\" \/><\/a><figcaption class=\"blocks-gallery-item__caption\">Yleis\u00f6\u00e4<\/figcaption><\/figure><\/li><li class=\"blocks-gallery-item\"><figure><a href=\"http:\/\/www.toivolankylat.fi\/wp-content\/uploads\/2021\/09\/IMG_20210904_125935-scaled.jpg\"><img loading=\"lazy\" decoding=\"async\" width=\"1024\" height=\"768\" src=\"http:\/\/www.toivolankylat.fi\/wp-content\/uploads\/2021\/09\/IMG_20210904_125935-1024x768.jpg\" alt=\"\" data-id=\"469\" data-full-url=\"http:\/\/www.toivolankylat.fi\/wp-content\/uploads\/2021\/09\/IMG_20210904_125935-scaled.jpg\" data-link=\"http:\/\/www.toivolankylat.fi\/?attachment_id=469\" class=\"wp-image-469\" srcset=\"http:\/\/www.toivolankylat.fi\/wp-content\/uploads\/2021\/09\/IMG_20210904_125935-1024x768.jpg 1024w, http:\/\/www.toivolankylat.fi\/wp-content\/uploads\/2021\/09\/IMG_20210904_125935-300x225.jpg 300w, http:\/\/www.toivolankylat.fi\/wp-content\/uploads\/2021\/09\/IMG_20210904_125935-768x576.jpg 768w, http:\/\/www.toivolankylat.fi\/wp-content\/uploads\/2021\/09\/IMG_20210904_125935-1536x1152.jpg 1536w, http:\/\/www.toivolankylat.fi\/wp-content\/uploads\/2021\/09\/IMG_20210904_125935-2048x1536.jpg 2048w\" sizes=\"auto, (max-width: 1024px) 100vw, 1024px\" \/><\/a><figcaption class=\"blocks-gallery-item__caption\">Valmet 20 py\u00f6ritt\u00e4\u00e4 mylly\u00e4<\/figcaption><\/figure><\/li><li class=\"blocks-gallery-item\"><figure><a href=\"http:\/\/www.toivolankylat.fi\/wp-content\/uploads\/2021\/09\/IMG_20210904_125958-scaled.jpg\"><img loading=\"lazy\" decoding=\"async\" width=\"768\" height=\"1024\" src=\"http:\/\/www.toivolankylat.fi\/wp-content\/uploads\/2021\/09\/IMG_20210904_125958-768x1024.jpg\" alt=\"\" data-id=\"470\" data-full-url=\"http:\/\/www.toivolankylat.fi\/wp-content\/uploads\/2021\/09\/IMG_20210904_125958-scaled.jpg\" data-link=\"http:\/\/www.toivolankylat.fi\/?attachment_id=470\" class=\"wp-image-470\" srcset=\"http:\/\/www.toivolankylat.fi\/wp-content\/uploads\/2021\/09\/IMG_20210904_125958-768x1024.jpg 768w, http:\/\/www.toivolankylat.fi\/wp-content\/uploads\/2021\/09\/IMG_20210904_125958-225x300.jpg 225w, http:\/\/www.toivolankylat.fi\/wp-content\/uploads\/2021\/09\/IMG_20210904_125958-1152x1536.jpg 1152w, http:\/\/www.toivolankylat.fi\/wp-content\/uploads\/2021\/09\/IMG_20210904_125958-1536x2048.jpg 1536w, http:\/\/www.toivolankylat.fi\/wp-content\/uploads\/2021\/09\/IMG_20210904_125958-scaled.jpg 1920w\" sizes=\"auto, (max-width: 768px) 100vw, 768px\" \/><\/a><figcaption class=\"blocks-gallery-item__caption\">Mylly<\/figcaption><\/figure><\/li><li class=\"blocks-gallery-item\"><figure><a href=\"http:\/\/www.toivolankylat.fi\/wp-content\/uploads\/2021\/09\/IMG_20210904_145410-scaled.jpg\"><img loading=\"lazy\" decoding=\"async\" width=\"1024\" height=\"768\" src=\"http:\/\/www.toivolankylat.fi\/wp-content\/uploads\/2021\/09\/IMG_20210904_145410-1024x768.jpg\" alt=\"\" data-id=\"472\" data-full-url=\"http:\/\/www.toivolankylat.fi\/wp-content\/uploads\/2021\/09\/IMG_20210904_145410-scaled.jpg\" data-link=\"http:\/\/www.toivolankylat.fi\/?attachment_id=472\" class=\"wp-image-472\" srcset=\"http:\/\/www.toivolankylat.fi\/wp-content\/uploads\/2021\/09\/IMG_20210904_145410-1024x768.jpg 1024w, http:\/\/www.toivolankylat.fi\/wp-content\/uploads\/2021\/09\/IMG_20210904_145410-300x225.jpg 300w, http:\/\/www.toivolankylat.fi\/wp-content\/uploads\/2021\/09\/IMG_20210904_145410-768x576.jpg 768w, http:\/\/www.toivolankylat.fi\/wp-content\/uploads\/2021\/09\/IMG_20210904_145410-1536x1152.jpg 1536w, http:\/\/www.toivolankylat.fi\/wp-content\/uploads\/2021\/09\/IMG_20210904_145410-2048x1536.jpg 2048w\" sizes=\"auto, (max-width: 1024px) 100vw, 1024px\" \/><\/a><\/figure><\/li><li class=\"blocks-gallery-item\"><figure><a href=\"http:\/\/www.toivolankylat.fi\/wp-content\/uploads\/2021\/09\/IMG_20210904_145521-scaled.jpg\"><img loading=\"lazy\" decoding=\"async\" width=\"1024\" height=\"768\" src=\"http:\/\/www.toivolankylat.fi\/wp-content\/uploads\/2021\/09\/IMG_20210904_145521-1024x768.jpg\" alt=\"\" data-id=\"473\" data-full-url=\"http:\/\/www.toivolankylat.fi\/wp-content\/uploads\/2021\/09\/IMG_20210904_145521-scaled.jpg\" data-link=\"http:\/\/www.toivolankylat.fi\/?attachment_id=473\" class=\"wp-image-473\" srcset=\"http:\/\/www.toivolankylat.fi\/wp-content\/uploads\/2021\/09\/IMG_20210904_145521-1024x768.jpg 1024w, http:\/\/www.toivolankylat.fi\/wp-content\/uploads\/2021\/09\/IMG_20210904_145521-300x225.jpg 300w, http:\/\/www.toivolankylat.fi\/wp-content\/uploads\/2021\/09\/IMG_20210904_145521-768x576.jpg 768w, http:\/\/www.toivolankylat.fi\/wp-content\/uploads\/2021\/09\/IMG_20210904_145521-1536x1152.jpg 1536w, http:\/\/www.toivolankylat.fi\/wp-content\/uploads\/2021\/09\/IMG_20210904_145521-2048x1536.jpg 2048w\" sizes=\"auto, (max-width: 1024px) 100vw, 1024px\" \/><\/a><figcaption class=\"blocks-gallery-item__caption\">Puimurit menossa<\/figcaption><\/figure><\/li><li class=\"blocks-gallery-item\"><figure><a href=\"http:\/\/www.toivolankylat.fi\/wp-content\/uploads\/2021\/09\/IMG_20210904_152040-scaled.jpg\"><img loading=\"lazy\" decoding=\"async\" width=\"1024\" height=\"768\" src=\"http:\/\/www.toivolankylat.fi\/wp-content\/uploads\/2021\/09\/IMG_20210904_152040-1024x768.jpg\" alt=\"\" data-id=\"474\" data-full-url=\"http:\/\/www.toivolankylat.fi\/wp-content\/uploads\/2021\/09\/IMG_20210904_152040-scaled.jpg\" data-link=\"http:\/\/www.toivolankylat.fi\/?attachment_id=474\" class=\"wp-image-474\" srcset=\"http:\/\/www.toivolankylat.fi\/wp-content\/uploads\/2021\/09\/IMG_20210904_152040-1024x768.jpg 1024w, http:\/\/www.toivolankylat.fi\/wp-content\/uploads\/2021\/09\/IMG_20210904_152040-300x225.jpg 300w, http:\/\/www.toivolankylat.fi\/wp-content\/uploads\/2021\/09\/IMG_20210904_152040-768x576.jpg 768w, http:\/\/www.toivolankylat.fi\/wp-content\/uploads\/2021\/09\/IMG_20210904_152040-1536x1152.jpg 1536w, http:\/\/www.toivolankylat.fi\/wp-content\/uploads\/2021\/09\/IMG_20210904_152040-2048x1536.jpg 2048w\" sizes=\"auto, (max-width: 1024px) 100vw, 1024px\" \/><\/a><figcaption class=\"blocks-gallery-item__caption\">Puimurit tuloss<\/figcaption><\/figure><\/li><li class=\"blocks-gallery-item\"><figure><a href=\"http:\/\/www.toivolankylat.fi\/wp-content\/uploads\/2021\/09\/IMG-20210904-WA0017.jpg\"><img loading=\"lazy\" decoding=\"async\" width=\"1024\" height=\"575\" src=\"http:\/\/www.toivolankylat.fi\/wp-content\/uploads\/2021\/09\/IMG-20210904-WA0017-1024x575.jpg\" alt=\"\" data-id=\"475\" data-full-url=\"http:\/\/www.toivolankylat.fi\/wp-content\/uploads\/2021\/09\/IMG-20210904-WA0017.jpg\" data-link=\"http:\/\/www.toivolankylat.fi\/?attachment_id=475\" class=\"wp-image-475\" srcset=\"http:\/\/www.toivolankylat.fi\/wp-content\/uploads\/2021\/09\/IMG-20210904-WA0017-1024x575.jpg 1024w, http:\/\/www.toivolankylat.fi\/wp-content\/uploads\/2021\/09\/IMG-20210904-WA0017-300x168.jpg 300w, http:\/\/www.toivolankylat.fi\/wp-content\/uploads\/2021\/09\/IMG-20210904-WA0017-768x431.jpg 768w, http:\/\/www.toivolankylat.fi\/wp-content\/uploads\/2021\/09\/IMG-20210904-WA0017-1536x862.jpg 1536w, http:\/\/www.toivolankylat.fi\/wp-content\/uploads\/2021\/09\/IMG-20210904-WA0017.jpg 1600w\" sizes=\"auto, (max-width: 1024px) 100vw, 1024px\" \/><\/a><figcaption class=\"blocks-gallery-item__caption\">Viljan siirtoa nuorten is\u00e4ntien toimesta<\/figcaption><\/figure><\/li><\/ul><\/figure>\n","protected":false},"excerpt":{"rendered":"<p>Kiitokset kaikille vieraillemme ja etenkin kaikille talkoolaisille mukavasta Puintip\u00e4iv\u00e4st\u00e4! Valmisteluthan pellolla aloitettiin jo viikkoa aiemmin seiv\u00e4st\u00e4m\u00e4ll\u00e4 parikymment\u00e4 seip\u00e4\u00e4llist\u00e4 ohraa kuivumaan. Perjantai-iltana kuljetettiin jo osa tarpeista paikalle ja lauantai aamun koitteessa laitettiin puurokattilan pes\u00e4\u00e4n tulet ja katseltiin kun kurjet ja joutsenet lensiv\u00e4t pellon yli ihmetellen meid\u00e4n touhuja\u2026 Pikkuhiljaa alkoi kalustoa ja ihmisi\u00e4 liikkumaan paikalle ja saatiin [&hellip;]<\/p>\n","protected":false},"author":1,"featured_media":0,"parent":0,"menu_order":0,"comment_status":"closed","ping_status":"closed","template":"","meta":{"footnotes":""},"class_list":["post-490","page","type-page","status-publish","hentry"],"_links":{"self":[{"href":"http:\/\/www.toivolankylat.fi\/index.php?rest_route=\/wp\/v2\/pages\/490","targetHints":{"allow":["GET"]}}],"collection":[{"href":"http:\/\/www.toivolankylat.fi\/index.php?rest_route=\/wp\/v2\/pages"}],"about":[{"href":"http:\/\/www.toivolankylat.fi\/index.php?rest_route=\/wp\/v2\/types\/page"}],"author":[{"embeddable":true,"href":"http:\/\/www.toivolankylat.fi\/index.php?rest_route=\/wp\/v2\/users\/1"}],"replies":[{"embeddable":true,"href":"http:\/\/www.toivolankylat.fi\/index.php?rest_route=%2Fwp%2Fv2%2Fcomments&post=490"}],"version-history":[{"count":1,"href":"http:\/\/www.toivolankylat.fi\/index.php?rest_route=\/wp\/v2\/pages\/490\/revisions"}],"predecessor-version":[{"id":491,"href":"http:\/\/www.toivolankylat.fi\/index.php?rest_route=\/wp\/v2\/pages\/490\/revisions\/491"}],"wp:attachment":[{"href":"http:\/\/www.toivolankylat.fi\/index.php?rest_route=%2Fwp%2Fv2%2Fmedia&parent=490"}],"curies":[{"name":"wp","href":"https:\/\/api.w.org\/{rel}","templated":true}]}}