{"id":162,"date":"2019-04-19T03:42:49","date_gmt":"2019-04-19T03:42:49","guid":{"rendered":"http:\/\/www.xn--toivolankylt-qcb.fi\/?page_id=162"},"modified":"2021-04-10T06:18:21","modified_gmt":"2021-04-10T06:18:21","slug":"rekisteriseloste","status":"publish","type":"page","link":"http:\/\/www.toivolankylat.fi\/?page_id=162","title":{"rendered":"REKISTERISELOSTE"},"content":{"rendered":"\n<p> <\/p>\n\n\n\n<h2 class=\"wp-block-heading\">Henkil\u00f6tietolain\n(523\/1999) 10 \u00a7 mukainen rekisteriseloste<\/h2>\n\n\n\n<h2 class=\"wp-block-heading\">1\nRekisterin nimi<\/h2>\n\n\n\n<p> Toivolan Kyl\u00e4t ry:n j\u00e4senrekisteri<\/p>\n\n\n\n<h2 class=\"wp-block-heading\">2\nRekisterinpit\u00e4j\u00e4<\/h2>\n\n\n\n<p> Nimi: Toivolan Kyl\u00e4t ry<br> Verkkosivut: http:\/\/toivolankylat.fi\/<br> Osoite: Pertunmaantie 1400 52740 Tuustaipale<br> Puh. Pj. Anssi Karjalainen +358500997022<br> S\u00e4hk\u00f6posti: anssieeva@gmail.com<\/p>\n\n\n\n<h2 class=\"wp-block-heading\">3\nRekisteriasioista vastaava henkil\u00f6<\/h2>\n\n\n\n<p> Nimi: Asta Vitikainen (sihteeri)<br> Osoite: Haajalantie 34, 52740 Tuustaipale<br> Puh. +358400957418<br> S\u00e4hk\u00f6posti: sihteeri@toivolankylat.fi<\/p>\n\n\n\n<h2 class=\"wp-block-heading\">4\nHenkil\u00f6tietojen k\u00e4sittelyn tarkoitus \/ Rekisterin k\u00e4ytt\u00f6tarkoitus<\/h2>\n\n\n\n<p>\tRekisterin tarkoituksena on ker\u00e4t\u00e4\nyhdistyksen j\u00e4senist\u00e4 yhdistyslain (503\/1989) 11 \u00a7:n \tvaatimat\nhenkil\u00f6tiedot ja muut yhdistyksen toimintaa varten tarpeelliset\ntiedot. Yhteys- ja \tj\u00e4senyystietoja ker\u00e4t\u00e4\u00e4n j\u00e4senasioiden\nhoitamista, tiedotusta ja laskutusta varten. Tiedoista \tvoidaan koota\ntilastoja, joista yksitt\u00e4ist\u00e4 j\u00e4sent\u00e4 ei ole mahdollista\ntunnistaa.<\/p>\n\n\n\n<h2 class=\"wp-block-heading\">5\nRekisterin tietosis\u00e4lt\u00f6<\/h2>\n\n\n\n<p>\tRekisteriin ker\u00e4t\u00e4\u00e4n pakollisina\ntietoina yhdistyslain (503\/1989) 11 \u00a7:n vaatimat \thenkil\u00f6tiedot,\neli j\u00e4senen t\u00e4ydellinen nimi ja kotipaikka.  Lis\u00e4ksi voidaan\nker\u00e4t\u00e4 esimerkiksi \tseuraavat tiedot:<\/p>\n\n\n\n<ul class=\"wp-block-list\"><li>J\u00e4senten yhteystiedot\n\t(postiosoite, puhelin ja s\u00e4hk\u00f6posti)\n\t<\/li><li>J\u00e4senyystiedot (j\u00e4sentyyppi,\n\ttoimenkuva, j\u00e4sennumero, j\u00e4senyyden alkamisajankohta)\n\t<\/li><li>J\u00e4senmaksutiedot (laskutukset ja\n\tmaksusuoritukset)\n\t<\/li><li>Lis\u00e4tiedot (lehtitilaustiedot\n\ttms<strong>.<\/strong>)\n<\/li><\/ul>\n\n\n\n<h2 class=\"wp-block-heading\">6\nRekisterin tietol\u00e4hteet<\/h2>\n\n\n\n<p>\tJ\u00e4senrekisteriin kirjattavat tiedot\nsaadaan j\u00e4senen omalla ilmoituksella tai j\u00e4senyytt\u00e4 \thakevan\nhenkil\u00f6n ilmoituksella j\u00e4senhakemuslomakkeen kautta.<\/p>\n\n\n\n<h2 class=\"wp-block-heading\">7\nTietojen luovuttaminen ja tietojen siirto EU:n tai ETA:n ulkopuolelle<\/h2>\n\n\n\n<p>\tRekisteriin tallennettuja tietoja ei\ns\u00e4\u00e4nn\u00f6nmukaisesti luovuteta yhdistyksen ulkopuolelle, ei \tmy\u00f6sk\u00e4\u00e4n\nEU-alueen tai ETA:n ulkopuolelle<\/p>\n\n\n\n<h2 class=\"wp-block-heading\">8\nRekisterin suojauksen periaatteet<\/h2>\n\n\n\n<ol class=\"wp-block-list\"><li>Henkil\u00f6tiedot s\u00e4ilytet\u00e4\u00e4n\n\t\t\t\tluottamuksellisina. Paperilla olevat tiedot s\u00e4ilytet\u00e4\u00e4n\n\t\t\t\tlukkojen takana, jonne on p\u00e4\u00e4sy vain asianmukaisilla\n\t\t\t\thenkil\u00f6ill\u00e4.\n\t\t\t\t<\/li><li>S\u00e4hk\u00f6inen j\u00e4senrekisteri\n\t\t\t\tsijaitsee Toivolan\n\t\t\t\tkyl\u00e4t\n\t\t\t\try:n\n\t\t\t\tomistamalla tietokoneella k\u00e4ytt\u00e4j\u00e4tunnuksen takana.\n\t\t\t\tTietokonetta s\u00e4ilytet\u00e4\u00e4n lukitussa tilassa. Toivolan\n\t\t\t\tkyl\u00e4t\n\t\t\t\try huolehtii\n\t\t\t\ttietoturvan s\u00e4ilymisest\u00e4 parhaan kykyns\u00e4 mukaan.\n\t\t\t\t<\/li><li>Rekisteriin merkityll\u00e4\n\t\t\t\tj\u00e4senell\u00e4 on p\u00e4\u00e4s\u00e4\u00e4nt\u00f6isesti oikeus tarkastaa\n\t\t\t\thenkil\u00f6rekisteriin talletetut tietonsa sek\u00e4 pyyt\u00e4\u00e4\n\t\t\t\trekisterinpit\u00e4j\u00e4\u00e4 korjaamaan virheelliset tietonsa.\n\t\t\t\tTarkastuspyynt\u00f6 on pyydett\u00e4v\u00e4 kirjallisesti asianomaiselta\n\t\t\t\trekisterinpit\u00e4j\u00e4lt\u00e4. \n\t\t\t\t\n\t\t\t<\/li><\/ol>\n\n\n\n<h2 class=\"wp-block-heading\">9\nRekisteritietojen korjaaminen<\/h2>\n\n\n\n<p>\n\tRekisterinpit\u00e4j\u00e4n on ilman aiheetonta viivytyst\u00e4\noma-aloitteisesti tai rekister\u00f6idyn henkil\u00f6n \tvaatimuksesta\noikaistava, poistettava tai t\u00e4ydennett\u00e4v\u00e4 rekisteriss\u00e4 oleva,\nk\u00e4sittelyn \ttarkoituksen kannalta virheellinen, tarpeeton,\npuutteellinen tai vanhentunut henkil\u00f6tieto. \n<\/p>\n","protected":false},"excerpt":{"rendered":"<p>Henkil\u00f6tietolain (523\/1999) 10 \u00a7 mukainen rekisteriseloste 1 Rekisterin nimi Toivolan Kyl\u00e4t ry:n j\u00e4senrekisteri 2 Rekisterinpit\u00e4j\u00e4 Nimi: Toivolan Kyl\u00e4t ry Verkkosivut: http:\/\/toivolankylat.fi\/ Osoite: Pertunmaantie 1400 52740 Tuustaipale Puh. Pj. Anssi Karjalainen +358500997022 S\u00e4hk\u00f6posti: anssieeva@gmail.com 3 Rekisteriasioista vastaava henkil\u00f6 Nimi: Asta Vitikainen (sihteeri) Osoite: Haajalantie 34, 52740 Tuustaipale Puh. +358400957418 S\u00e4hk\u00f6posti: sihteeri@toivolankylat.fi 4 Henkil\u00f6tietojen k\u00e4sittelyn tarkoitus \/ [&hellip;]<\/p>\n","protected":false},"author":1,"featured_media":0,"parent":0,"menu_order":0,"comment_status":"closed","ping_status":"closed","template":"","meta":{"footnotes":""},"class_list":["post-162","page","type-page","status-publish","hentry"],"_links":{"self":[{"href":"http:\/\/www.toivolankylat.fi\/index.php?rest_route=\/wp\/v2\/pages\/162","targetHints":{"allow":["GET"]}}],"collection":[{"href":"http:\/\/www.toivolankylat.fi\/index.php?rest_route=\/wp\/v2\/pages"}],"about":[{"href":"http:\/\/www.toivolankylat.fi\/index.php?rest_route=\/wp\/v2\/types\/page"}],"author":[{"embeddable":true,"href":"http:\/\/www.toivolankylat.fi\/index.php?rest_route=\/wp\/v2\/users\/1"}],"replies":[{"embeddable":true,"href":"http:\/\/www.toivolankylat.fi\/index.php?rest_route=%2Fwp%2Fv2%2Fcomments&post=162"}],"version-history":[{"count":4,"href":"http:\/\/www.toivolankylat.fi\/index.php?rest_route=\/wp\/v2\/pages\/162\/revisions"}],"predecessor-version":[{"id":438,"href":"http:\/\/www.toivolankylat.fi\/index.php?rest_route=\/wp\/v2\/pages\/162\/revisions\/438"}],"wp:attachment":[{"href":"http:\/\/www.toivolankylat.fi\/index.php?rest_route=%2Fwp%2Fv2%2Fmedia&parent=162"}],"curies":[{"name":"wp","href":"https:\/\/api.w.org\/{rel}","templated":true}]}}