{"id":150,"date":"2019-03-04T13:00:36","date_gmt":"2019-03-04T13:00:36","guid":{"rendered":"http:\/\/www.xn--toivolankylt-qcb.fi\/?page_id=150"},"modified":"2019-05-01T11:06:05","modified_gmt":"2019-05-01T11:06:05","slug":"menneita-tapahtumia","status":"publish","type":"page","link":"http:\/\/www.toivolankylat.fi\/?page_id=150","title":{"rendered":"Menneit\u00e4 tapahtumia"},"content":{"rendered":"\n<p>Laskiaistapahtuma 3.3.19   <a href=\"https:\/\/jenny.kuvat.fi\/kuvat\/Laskiaisrieha%2003.03.2019\/\">https:\/\/jenny.kuvat.fi\/kuvat\/Laskiaisrieha%2003.03.2019\/  <\/a><\/p>\n\n\n\n<p>Perinteinen Puintip\u00e4iv\u00e4 25.8.18   <a href=\"https:\/\/jenny.kuvat.fi\/kuvat\/Perinteinen%20puintip%C3%A4iv%C3%A4%20Toivolassa%2025.08.2018\/\">https:\/\/jenny.kuvat.fi\/kuvat\/Perinteinen%20puintip%C3%A4iv%C3%A4%20Toivolassa%2025.08.2018\/ <\/a> Video osa 1 <a href=\"https:\/\/youtu.be\/2BN6Bu0bZVs\">https:\/\/youtu.be\/2BN6Bu0bZVs<\/a>  ja osa 2 <a href=\"https:\/\/youtu.be\/DS7lUAOauUE\">https:\/\/youtu.be\/DS7lUAOauUE<\/a><\/p>\n\n\n\n<p>Hein\u00e4t\u00f6it\u00e4 vanhaan malliin-tapahtuma 14.7.2018. Video tapahtumasta  <a href=\"https:\/\/youtu.be\/Jxc8y0HjsTs\">https:\/\/youtu.be\/Jxc8y0HjsTs<\/a>  <\/p>\n\n\n\n<p>Laskiaisrieha koululla 11.2.18   <a href=\"https:\/\/jenny.kuvat.fi\/kuvat\/Laskiaisrieha%20Toivolan%20koululla%2011.02.2018\/\">https:\/\/jenny.kuvat.fi\/kuvat\/Laskiaisrieha%20Toivolan%20koululla%2011.02.2018\/<\/a><\/p>\n\n\n\n<p>Wanhat Wehkeet-tapahtuma 9.9.17  <a href=\"https:\/\/jenny.kuvat.fi\/kuvat\/Wanhat%20wehkeet%20Toivolassa%2009.09.2017\/\">https:\/\/jenny.kuvat.fi\/kuvat\/Wanhat%20wehkeet%20Toivolassa%2009.09.2017\/<\/a><\/p>\n\n\n\n<p>Perinnesavotta maaliskuussa 2017 . Video tapahtumasta <a href=\"https:\/\/youtu.be\/mNkzO6A-VBU\">https:\/\/youtu.be\/mNkzO6A-VBU <\/a><\/p>\n","protected":false},"excerpt":{"rendered":"<p>Laskiaistapahtuma 3.3.19 https:\/\/jenny.kuvat.fi\/kuvat\/Laskiaisrieha%2003.03.2019\/ Perinteinen Puintip\u00e4iv\u00e4 25.8.18 https:\/\/jenny.kuvat.fi\/kuvat\/Perinteinen%20puintip%C3%A4iv%C3%A4%20Toivolassa%2025.08.2018\/ Video osa 1 https:\/\/youtu.be\/2BN6Bu0bZVs ja osa 2 https:\/\/youtu.be\/DS7lUAOauUE Hein\u00e4t\u00f6it\u00e4 vanhaan malliin-tapahtuma 14.7.2018. Video tapahtumasta https:\/\/youtu.be\/Jxc8y0HjsTs Laskiaisrieha koululla 11.2.18 https:\/\/jenny.kuvat.fi\/kuvat\/Laskiaisrieha%20Toivolan%20koululla%2011.02.2018\/ Wanhat Wehkeet-tapahtuma 9.9.17 https:\/\/jenny.kuvat.fi\/kuvat\/Wanhat%20wehkeet%20Toivolassa%2009.09.2017\/ Perinnesavotta maaliskuussa 2017 . Video tapahtumasta https:\/\/youtu.be\/mNkzO6A-VBU<\/p>\n","protected":false},"author":1,"featured_media":0,"parent":0,"menu_order":0,"comment_status":"closed","ping_status":"closed","template":"","meta":{"footnotes":""},"class_list":["post-150","page","type-page","status-publish","hentry"],"_links":{"self":[{"href":"http:\/\/www.toivolankylat.fi\/index.php?rest_route=\/wp\/v2\/pages\/150","targetHints":{"allow":["GET"]}}],"collection":[{"href":"http:\/\/www.toivolankylat.fi\/index.php?rest_route=\/wp\/v2\/pages"}],"about":[{"href":"http:\/\/www.toivolankylat.fi\/index.php?rest_route=\/wp\/v2\/types\/page"}],"author":[{"embeddable":true,"href":"http:\/\/www.toivolankylat.fi\/index.php?rest_route=\/wp\/v2\/users\/1"}],"replies":[{"embeddable":true,"href":"http:\/\/www.toivolankylat.fi\/index.php?rest_route=%2Fwp%2Fv2%2Fcomments&post=150"}],"version-history":[{"count":2,"href":"http:\/\/www.toivolankylat.fi\/index.php?rest_route=\/wp\/v2\/pages\/150\/revisions"}],"predecessor-version":[{"id":174,"href":"http:\/\/www.toivolankylat.fi\/index.php?rest_route=\/wp\/v2\/pages\/150\/revisions\/174"}],"wp:attachment":[{"href":"http:\/\/www.toivolankylat.fi\/index.php?rest_route=%2Fwp%2Fv2%2Fmedia&parent=150"}],"curies":[{"name":"wp","href":"https:\/\/api.w.org\/{rel}","templated":true}]}}