{"id":11,"date":"2019-01-04T13:50:43","date_gmt":"2019-01-04T13:50:43","guid":{"rendered":"http:\/\/www.xn--toivolankylt-qcb.fi\/?page_id=11"},"modified":"2019-01-22T15:13:02","modified_gmt":"2019-01-22T15:13:02","slug":"vuokraustoiminta","status":"publish","type":"page","link":"http:\/\/www.toivolankylat.fi\/?page_id=11","title":{"rendered":"Seurantalo"},"content":{"rendered":"\n<p>Pertunmaantie 1400, 52740 Tuustaipale<\/p>\n\n\n\n<figure class=\"wp-block-image\"><img loading=\"lazy\" decoding=\"async\" width=\"1024\" height=\"614\" src=\"http:\/\/www.xn--toivolankylt-qcb.fi\/wp-content\/uploads\/2019\/01\/20170608_174245-1024x614.jpg\" alt=\"\" class=\"wp-image-81\" srcset=\"http:\/\/www.toivolankylat.fi\/wp-content\/uploads\/2019\/01\/20170608_174245-1024x614.jpg 1024w, http:\/\/www.toivolankylat.fi\/wp-content\/uploads\/2019\/01\/20170608_174245-300x180.jpg 300w, http:\/\/www.toivolankylat.fi\/wp-content\/uploads\/2019\/01\/20170608_174245-768x461.jpg 768w\" sizes=\"auto, (max-width: 1024px) 100vw, 1024px\" \/><figcaption>Maamiesseurantalo<\/figcaption><\/figure>\n\n\n\n<p>Kaunis vanha seurantalo sijaitsee komean Kaivannon kosken vieress\u00e4. Piharakennuksesta l\u00f6ytyy Aitta-kirjasto, joka on teoriassa auki ymp\u00e4ri vuoden, mutta rakennuksen katolta putoava lumi sulkenee oven osaksi talvea. Seurantalon ohi kulkee tie, joka vie kosken rantaan. Rannassa on grillikatos, jossa voi nauttia ev\u00e4it\u00e4\u00e4n kosken kuohuja kuunnellen. Grilliin voi hakea puut piharakennuksen liiterist\u00e4, samaisen rakennuksen p\u00e4\u00e4dyst\u00e4 l\u00f6ytyy my\u00f6s huussit.<\/p>\n\n\n\n<ul class=\"wp-block-gallery columns-3 is-cropped wp-block-gallery-1 is-layout-flex wp-block-gallery-is-layout-flex\"><li class=\"blocks-gallery-item\"><figure><img loading=\"lazy\" decoding=\"async\" width=\"1024\" height=\"768\" src=\"http:\/\/www.xn--toivolankylt-qcb.fi\/wp-content\/uploads\/2019\/01\/IMG_0395-1024x768.jpg\" alt=\"\" data-id=\"100\" data-link=\"http:\/\/www.xn--toivolankylt-qcb.fi\/?attachment_id=100\" class=\"wp-image-100\" srcset=\"http:\/\/www.toivolankylat.fi\/wp-content\/uploads\/2019\/01\/IMG_0395-1024x768.jpg 1024w, http:\/\/www.toivolankylat.fi\/wp-content\/uploads\/2019\/01\/IMG_0395-300x225.jpg 300w, http:\/\/www.toivolankylat.fi\/wp-content\/uploads\/2019\/01\/IMG_0395-768x576.jpg 768w\" sizes=\"auto, (max-width: 1024px) 100vw, 1024px\" \/><\/figure><\/li><li class=\"blocks-gallery-item\"><figure><img loading=\"lazy\" decoding=\"async\" width=\"1024\" height=\"614\" src=\"http:\/\/www.xn--toivolankylt-qcb.fi\/wp-content\/uploads\/2019\/01\/20170617_134322-1024x614.jpg\" alt=\"\" data-id=\"94\" data-link=\"http:\/\/www.xn--toivolankylt-qcb.fi\/?attachment_id=94\" class=\"wp-image-94\" srcset=\"http:\/\/www.toivolankylat.fi\/wp-content\/uploads\/2019\/01\/20170617_134322-1024x614.jpg 1024w, http:\/\/www.toivolankylat.fi\/wp-content\/uploads\/2019\/01\/20170617_134322-300x180.jpg 300w, http:\/\/www.toivolankylat.fi\/wp-content\/uploads\/2019\/01\/20170617_134322-768x461.jpg 768w\" sizes=\"auto, (max-width: 1024px) 100vw, 1024px\" \/><figcaption>Aittakirjasto<\/figcaption><\/figure><\/li><li class=\"blocks-gallery-item\"><figure><img loading=\"lazy\" decoding=\"async\" width=\"614\" height=\"1024\" src=\"http:\/\/www.xn--toivolankylt-qcb.fi\/wp-content\/uploads\/2019\/01\/20170617_134101-e1546695133277-614x1024.jpg\" alt=\"\" data-id=\"95\" data-link=\"http:\/\/www.xn--toivolankylt-qcb.fi\/?attachment_id=95\" class=\"wp-image-95\" srcset=\"http:\/\/www.toivolankylat.fi\/wp-content\/uploads\/2019\/01\/20170617_134101-e1546695133277-614x1024.jpg 614w, http:\/\/www.toivolankylat.fi\/wp-content\/uploads\/2019\/01\/20170617_134101-e1546695133277-180x300.jpg 180w, http:\/\/www.toivolankylat.fi\/wp-content\/uploads\/2019\/01\/20170617_134101-e1546695133277-768x1280.jpg 768w, http:\/\/www.toivolankylat.fi\/wp-content\/uploads\/2019\/01\/20170617_134101-e1546695133277.jpg 1536w\" sizes=\"auto, (max-width: 614px) 100vw, 614px\" \/><figcaption>Ohjeet Aitta-kirjaston k\u00e4ytt\u00f6\u00f6n<\/figcaption><\/figure><\/li><li class=\"blocks-gallery-item\"><figure><img loading=\"lazy\" decoding=\"async\" width=\"1024\" height=\"614\" src=\"http:\/\/www.xn--toivolankylt-qcb.fi\/wp-content\/uploads\/2019\/01\/20170608_174909-1024x614.jpg\" alt=\"\" data-id=\"85\" data-link=\"http:\/\/www.xn--toivolankylt-qcb.fi\/?attachment_id=85\" class=\"wp-image-85\" srcset=\"http:\/\/www.toivolankylat.fi\/wp-content\/uploads\/2019\/01\/20170608_174909-1024x614.jpg 1024w, http:\/\/www.toivolankylat.fi\/wp-content\/uploads\/2019\/01\/20170608_174909-300x180.jpg 300w, http:\/\/www.toivolankylat.fi\/wp-content\/uploads\/2019\/01\/20170608_174909-768x461.jpg 768w\" sizes=\"auto, (max-width: 1024px) 100vw, 1024px\" \/><figcaption>Grillikatos<\/figcaption><\/figure><\/li><li class=\"blocks-gallery-item\"><figure><img loading=\"lazy\" decoding=\"async\" width=\"1024\" height=\"614\" src=\"http:\/\/www.xn--toivolankylt-qcb.fi\/wp-content\/uploads\/2019\/01\/20170608_175034-1024x614.jpg\" alt=\"\" data-id=\"86\" data-link=\"http:\/\/www.xn--toivolankylt-qcb.fi\/?attachment_id=86\" class=\"wp-image-86\" srcset=\"http:\/\/www.toivolankylat.fi\/wp-content\/uploads\/2019\/01\/20170608_175034-1024x614.jpg 1024w, http:\/\/www.toivolankylat.fi\/wp-content\/uploads\/2019\/01\/20170608_175034-300x180.jpg 300w, http:\/\/www.toivolankylat.fi\/wp-content\/uploads\/2019\/01\/20170608_175034-768x461.jpg 768w\" sizes=\"auto, (max-width: 1024px) 100vw, 1024px\" \/><figcaption>Kaivannonkoski<\/figcaption><\/figure><\/li><li class=\"blocks-gallery-item\"><figure><img loading=\"lazy\" decoding=\"async\" width=\"1024\" height=\"614\" src=\"http:\/\/www.xn--toivolankylt-qcb.fi\/wp-content\/uploads\/2019\/01\/20170608_175055-1024x614.jpg\" alt=\"\" data-id=\"88\" data-link=\"http:\/\/www.xn--toivolankylt-qcb.fi\/?attachment_id=88\" class=\"wp-image-88\" srcset=\"http:\/\/www.toivolankylat.fi\/wp-content\/uploads\/2019\/01\/20170608_175055-1024x614.jpg 1024w, http:\/\/www.toivolankylat.fi\/wp-content\/uploads\/2019\/01\/20170608_175055-300x180.jpg 300w, http:\/\/www.toivolankylat.fi\/wp-content\/uploads\/2019\/01\/20170608_175055-768x461.jpg 768w\" sizes=\"auto, (max-width: 1024px) 100vw, 1024px\" \/><figcaption>Kaivannonkoski<\/figcaption><\/figure><\/li><li class=\"blocks-gallery-item\"><figure><img loading=\"lazy\" decoding=\"async\" width=\"1024\" height=\"614\" src=\"http:\/\/www.xn--toivolankylt-qcb.fi\/wp-content\/uploads\/2019\/01\/20170608_175232-1024x614.jpg\" alt=\"\" data-id=\"90\" data-link=\"http:\/\/www.xn--toivolankylt-qcb.fi\/?attachment_id=90\" class=\"wp-image-90\" srcset=\"http:\/\/www.toivolankylat.fi\/wp-content\/uploads\/2019\/01\/20170608_175232-1024x614.jpg 1024w, http:\/\/www.toivolankylat.fi\/wp-content\/uploads\/2019\/01\/20170608_175232-300x180.jpg 300w, http:\/\/www.toivolankylat.fi\/wp-content\/uploads\/2019\/01\/20170608_175232-768x461.jpg 768w\" sizes=\"auto, (max-width: 1024px) 100vw, 1024px\" \/><figcaption>Kosken ylitt\u00e4v\u00e4 silta<\/figcaption><\/figure><\/li><li class=\"blocks-gallery-item\"><figure><img loading=\"lazy\" decoding=\"async\" width=\"1024\" height=\"614\" src=\"http:\/\/www.xn--toivolankylt-qcb.fi\/wp-content\/uploads\/2019\/01\/20170716_104147-1024x614.jpg\" alt=\"\" data-id=\"96\" data-link=\"http:\/\/www.xn--toivolankylt-qcb.fi\/?attachment_id=96\" class=\"wp-image-96\" srcset=\"http:\/\/www.toivolankylat.fi\/wp-content\/uploads\/2019\/01\/20170716_104147-1024x614.jpg 1024w, http:\/\/www.toivolankylat.fi\/wp-content\/uploads\/2019\/01\/20170716_104147-300x180.jpg 300w, http:\/\/www.toivolankylat.fi\/wp-content\/uploads\/2019\/01\/20170716_104147-768x461.jpg 768w\" sizes=\"auto, (max-width: 1024px) 100vw, 1024px\" \/><figcaption>Talon sali<\/figcaption><\/figure><\/li><li class=\"blocks-gallery-item\"><figure><img loading=\"lazy\" decoding=\"async\" width=\"1024\" height=\"614\" src=\"http:\/\/www.xn--toivolankylt-qcb.fi\/wp-content\/uploads\/2019\/01\/20170716_104248-1024x614.jpg\" alt=\"\" data-id=\"97\" data-link=\"http:\/\/www.xn--toivolankylt-qcb.fi\/?attachment_id=97\" class=\"wp-image-97\" srcset=\"http:\/\/www.toivolankylat.fi\/wp-content\/uploads\/2019\/01\/20170716_104248-1024x614.jpg 1024w, http:\/\/www.toivolankylat.fi\/wp-content\/uploads\/2019\/01\/20170716_104248-300x180.jpg 300w, http:\/\/www.toivolankylat.fi\/wp-content\/uploads\/2019\/01\/20170716_104248-768x461.jpg 768w\" sizes=\"auto, (max-width: 1024px) 100vw, 1024px\" \/><figcaption>Talon sali<\/figcaption><\/figure><\/li><li class=\"blocks-gallery-item\"><figure><img loading=\"lazy\" decoding=\"async\" width=\"614\" height=\"1024\" src=\"http:\/\/www.xn--toivolankylt-qcb.fi\/wp-content\/uploads\/2019\/01\/20171111_164902-e1546695107273-614x1024.jpg\" alt=\"\" data-id=\"98\" data-link=\"http:\/\/www.xn--toivolankylt-qcb.fi\/?attachment_id=98\" class=\"wp-image-98\" srcset=\"http:\/\/www.toivolankylat.fi\/wp-content\/uploads\/2019\/01\/20171111_164902-e1546695107273-614x1024.jpg 614w, http:\/\/www.toivolankylat.fi\/wp-content\/uploads\/2019\/01\/20171111_164902-e1546695107273-180x300.jpg 180w, http:\/\/www.toivolankylat.fi\/wp-content\/uploads\/2019\/01\/20171111_164902-e1546695107273-768x1280.jpg 768w, http:\/\/www.toivolankylat.fi\/wp-content\/uploads\/2019\/01\/20171111_164902-e1546695107273.jpg 1536w\" sizes=\"auto, (max-width: 614px) 100vw, 614px\" \/><figcaption>Kattaus p\u00f6yt\u00e4<\/figcaption><\/figure><\/li><\/ul>\n\n\n\n<p><br><\/p>\n","protected":false},"excerpt":{"rendered":"<p>Pertunmaantie 1400, 52740 Tuustaipale Kaunis vanha seurantalo sijaitsee komean Kaivannon kosken vieress\u00e4. Piharakennuksesta l\u00f6ytyy Aitta-kirjasto, joka on teoriassa auki ymp\u00e4ri vuoden, mutta rakennuksen katolta putoava lumi sulkenee oven osaksi talvea. Seurantalon ohi kulkee tie, joka vie kosken rantaan. Rannassa on grillikatos, jossa voi nauttia ev\u00e4it\u00e4\u00e4n kosken kuohuja kuunnellen. Grilliin voi hakea puut piharakennuksen liiterist\u00e4, samaisen [&hellip;]<\/p>\n","protected":false},"author":1,"featured_media":0,"parent":0,"menu_order":0,"comment_status":"closed","ping_status":"closed","template":"","meta":{"footnotes":""},"class_list":["post-11","page","type-page","status-publish","hentry"],"_links":{"self":[{"href":"http:\/\/www.toivolankylat.fi\/index.php?rest_route=\/wp\/v2\/pages\/11","targetHints":{"allow":["GET"]}}],"collection":[{"href":"http:\/\/www.toivolankylat.fi\/index.php?rest_route=\/wp\/v2\/pages"}],"about":[{"href":"http:\/\/www.toivolankylat.fi\/index.php?rest_route=\/wp\/v2\/types\/page"}],"author":[{"embeddable":true,"href":"http:\/\/www.toivolankylat.fi\/index.php?rest_route=\/wp\/v2\/users\/1"}],"replies":[{"embeddable":true,"href":"http:\/\/www.toivolankylat.fi\/index.php?rest_route=%2Fwp%2Fv2%2Fcomments&post=11"}],"version-history":[{"count":4,"href":"http:\/\/www.toivolankylat.fi\/index.php?rest_route=\/wp\/v2\/pages\/11\/revisions"}],"predecessor-version":[{"id":127,"href":"http:\/\/www.toivolankylat.fi\/index.php?rest_route=\/wp\/v2\/pages\/11\/revisions\/127"}],"wp:attachment":[{"href":"http:\/\/www.toivolankylat.fi\/index.php?rest_route=%2Fwp%2Fv2%2Fmedia&parent=11"}],"curies":[{"name":"wp","href":"https:\/\/api.w.org\/{rel}","templated":true}]}}